{"id":11171,"date":"2016-12-18T21:36:34","date_gmt":"2016-12-18T21:36:34","guid":{"rendered":"https:\/\/aka.fitness\/?page_id=11171&#038;lang=hu"},"modified":"2017-09-27T08:24:49","modified_gmt":"2017-09-27T06:24:49","slug":"elerhetosegek","status":"publish","type":"page","link":"https:\/\/aka.fitness\/hu\/elerhetosegek\/","title":{"rendered":"El\u00e9rhet\u0151s\u00e9gek"},"content":{"rendered":"","protected":false},"excerpt":{"rendered":"","protected":false},"author":1,"featured_media":0,"parent":0,"menu_order":0,"comment_status":"open","ping_status":"open","template":"","meta":{"footnotes":""},"class_list":["post-11171","page","type-page","status-publish","hentry"],"_links":{"self":[{"href":"https:\/\/aka.fitness\/hu\/wp-json\/wp\/v2\/pages\/11171","targetHints":{"allow":["GET"]}}],"collection":[{"href":"https:\/\/aka.fitness\/hu\/wp-json\/wp\/v2\/pages"}],"about":[{"href":"https:\/\/aka.fitness\/hu\/wp-json\/wp\/v2\/types\/page"}],"author":[{"embeddable":true,"href":"https:\/\/aka.fitness\/hu\/wp-json\/wp\/v2\/users\/1"}],"replies":[{"embeddable":true,"href":"https:\/\/aka.fitness\/hu\/wp-json\/wp\/v2\/comments?post=11171"}],"version-history":[{"count":2,"href":"https:\/\/aka.fitness\/hu\/wp-json\/wp\/v2\/pages\/11171\/revisions"}],"predecessor-version":[{"id":11286,"href":"https:\/\/aka.fitness\/hu\/wp-json\/wp\/v2\/pages\/11171\/revisions\/11286"}],"wp:attachment":[{"href":"https:\/\/aka.fitness\/hu\/wp-json\/wp\/v2\/media?parent=11171"}],"curies":[{"name":"wp","href":"https:\/\/api.w.org\/{rel}","templated":true}]}}